{"id":1396,"date":"2022-06-13T14:48:48","date_gmt":"2022-06-13T12:48:48","guid":{"rendered":"https:\/\/barbaraarmbruster.com\/impressum\/"},"modified":"2022-06-13T14:48:48","modified_gmt":"2022-06-13T12:48:48","slug":"impressum","status":"publish","type":"page","link":"https:\/\/barbaraarmbruster.com\/en\/impressum\/","title":{"rendered":"Impressum"},"content":{"rendered":"\r\n<h2 class=\"wp-block-heading\">Impressum<\/h2>\r\n\r\n\r\n\r\n<p>Barbara Armbruster<\/p>\r\n\r\n\r\n\r\n<p>Gr\u00f6nerstra\u00dfe 34<br>D-71636 Ludwigsburg<br><br>E-Mail: barbara (at) armbruster.tv<\/p>\r\n\r\n\r\n\r\n<h2 class=\"wp-block-heading\">Copyright<\/h2>\r\n\r\n\r\n\r\n<p>Alle auf dieser Website verwendeten Grafiken und Bilder sind urheberrechtlich gesch\u00fctzt. Barbara Armbruster beh\u00e4lt sich alle Rechte vor.<\/p>\r\n\r\n\r\n\r\n<h2 class=\"wp-block-heading\">Rechtlicher Hinweis und Haftungshinweis<\/h2>\r\n\r\n\r\n\r\n<p>Barbara Armbruster ist bem\u00fcht auf dieser Webseite richtige und vollst\u00e4ndige Informationen zur Verf\u00fcgung zu stellen, \u00fcbernimmt jedoch keine Haftung oder Garantie f\u00fcr die Aktualit\u00e4t, Richtigkeit und Vollst\u00e4ndigkeit der bereitgestellten Informationen.<br>F\u00fcr die Inhalte externer Websites, die mit dieser Website \u00fcber einen Verweis (Link) verbunden sind, ist Barbara Armbruster nicht verantwortlich.<\/p>\r\n","protected":false},"excerpt":{"rendered":"<p>Impressum Barbara Armbruster Gr\u00f6nerstra\u00dfe 34D-71636 Ludwigsburg E-Mail: barbara (at) armbruster.tv Copyright Alle auf dieser Website verwendeten Grafiken und Bilder sind urheberrechtlich gesch\u00fctzt. Barbara Armbruster beh\u00e4lt sich alle Rechte vor. Rechtlicher Hinweis und Haftungshinweis Barbara Armbruster ist bem\u00fcht auf dieser Webseite richtige und vollst\u00e4ndige Informationen zur Verf\u00fcgung zu stellen, \u00fcbernimmt jedoch keine Haftung oder Garantie f\u00fcr [&hellip;]<\/p>\n","protected":false},"author":1,"featured_media":0,"parent":0,"menu_order":11,"comment_status":"closed","ping_status":"closed","template":"","meta":{"footnotes":""},"class_list":["post-1396","page","type-page","status-publish","hentry"],"_links":{"self":[{"href":"https:\/\/barbaraarmbruster.com\/en\/wp-json\/wp\/v2\/pages\/1396","targetHints":{"allow":["GET"]}}],"collection":[{"href":"https:\/\/barbaraarmbruster.com\/en\/wp-json\/wp\/v2\/pages"}],"about":[{"href":"https:\/\/barbaraarmbruster.com\/en\/wp-json\/wp\/v2\/types\/page"}],"author":[{"embeddable":true,"href":"https:\/\/barbaraarmbruster.com\/en\/wp-json\/wp\/v2\/users\/1"}],"replies":[{"embeddable":true,"href":"https:\/\/barbaraarmbruster.com\/en\/wp-json\/wp\/v2\/comments?post=1396"}],"version-history":[{"count":0,"href":"https:\/\/barbaraarmbruster.com\/en\/wp-json\/wp\/v2\/pages\/1396\/revisions"}],"wp:attachment":[{"href":"https:\/\/barbaraarmbruster.com\/en\/wp-json\/wp\/v2\/media?parent=1396"}],"curies":[{"name":"wp","href":"https:\/\/api.w.org\/{rel}","templated":true}]}}