{"id":1398,"date":"2022-06-13T14:48:37","date_gmt":"2022-06-13T12:48:37","guid":{"rendered":"https:\/\/barbaraarmbruster.com\/about\/"},"modified":"2023-12-13T14:57:02","modified_gmt":"2023-12-13T13:57:02","slug":"about","status":"publish","type":"page","link":"https:\/\/barbaraarmbruster.com\/en\/about\/","title":{"rendered":"About"},"content":{"rendered":"\n<div class=\"wp-block-columns is-layout-flex wp-container-core-columns-is-layout-28f84493 wp-block-columns-is-layout-flex\">\n<div class=\"wp-block-column is-layout-flow wp-block-column-is-layout-flow\">\n<h2 class=\"wp-block-heading has-text-align-center\">Selected<br><em>Solo exhibitions<\/em><\/h2>\n\n\n\n<div style=\"height:100px\" aria-hidden=\"true\" class=\"wp-block-spacer\"><\/div>\n\n\n\n<p><em>2024<\/em><br>Moved, Touched, In-Between. <em>Galerie G &#8211; Dr. Gudrun Selz,<\/em> Freiburg, Vibrations, <em>Galerieverein Leonberg e.V., <\/em>Leonberg\u00a0                              <\/p>\n\n\n\n<p><em>2019<\/em><br>Woundrous Encounters. <em>Galerie Vayhinger,<\/em> Singen,Hohentwiel<\/p>\n\n\n\n<div style=\"height:30px\" aria-hidden=\"true\" class=\"wp-block-spacer\"><\/div>\n\n\n\n<p><em>2018&nbsp;<\/em><br>Green. Light. Space. <em>St\u00e4dtisches Museum Engen + Galerie,<\/em> Engen ( Julia Kernbach), Through My Eyes, Galerie G &#8211; Dr. Gudrun Selz, Freibrug&nbsp;<\/p>\n\n\n\n<div style=\"height:30px\" aria-hidden=\"true\" class=\"wp-block-spacer\"><\/div>\n\n\n\n<p><em>2015<\/em><br>Bundling. Arranging., <em>Kunstraum Vincke-Liepmann,<\/em> Heidelberg, de-re-constructions II, W\u00fcrttembergischer Kunstverein Stuttgart, de-re-constructions I, Galerie Vayhinger, Singen, MYCairo, Literaturhaus Stuttgart, MYCAI, Goethe Institute, Kairo (with Hala Elkoussy)<\/p>\n\n\n\n<div style=\"height:30px\" aria-hidden=\"true\" class=\"wp-block-spacer\"><\/div>\n\n\n\n<p><em>2013<\/em><br>Between Light, Noise and Silence. <em>Galerie G &#8211; Dr. Gudrun Selz,<\/em> Freiburg Lebensraum. Kunstraum. Retour du Caire. Kleine Galerie Bad Waldsee<\/p>\n\n\n\n<div style=\"height:30px\" aria-hidden=\"true\" class=\"wp-block-spacer\"><\/div>\n\n\n\n<p><em>2012<\/em><br>Portraits of a Time. <em>Kunstverein Hechingen<\/em>&nbsp;<\/p>\n\n\n\n<div style=\"height:30px\" aria-hidden=\"true\" class=\"wp-block-spacer\"><\/div>\n\n\n\n<p><em>2011<\/em><br>The Green, the Street and the Scent of Life. <em>Safar Khan Gallery,<\/em> Cairo, Katalog<br>Here and There, in my Mind and Body. Galerie Vayhinger, Radolfzell\/Bodensee<\/p>\n\n\n\n<div style=\"height:30px\" aria-hidden=\"true\" class=\"wp-block-spacer\"><\/div>\n\n\n\n<p><em>2010<\/em><br>Outside In. <em>Galerie G-Dr. Gudrun Selz,<\/em> Freiburg<\/p>\n\n\n\n<div style=\"height:30px\" aria-hidden=\"true\" class=\"wp-block-spacer\"><\/div>\n\n\n\n<p><em>2009<\/em><br>Foliage. <em>Galerie Manfred Rieker<\/em> (mit Peter Riek), Heilbronn<\/p>\n\n\n\n<div style=\"height:30px\" aria-hidden=\"true\" class=\"wp-block-spacer\"><\/div>\n\n\n\n<p><em>2008<\/em>&nbsp;<br><em>Staedtische Galerie im Kornhaus,<\/em> Kirchheim\/Teck<\/p>\n\n\n\n<div style=\"height:30px\" aria-hidden=\"true\" class=\"wp-block-spacer\"><\/div>\n\n\n\n<p><em>2006<\/em><br>In Strange Gardens. <em>Galerie G &#8211; Dr. Gudrun Selz,<\/em> Freiburg<br>November 8th, Stuttgart main station, Turmgalerie Hospitalhof, Stuttgart\/Katalog<\/p>\n\n\n\n<div style=\"height:30px\" aria-hidden=\"true\" class=\"wp-block-spacer\"><\/div>\n\n\n\n<p><em>2004<\/em><br>Women within Space. <em>Townhouse Gallery,<\/em> Cairo. (mit Hadeel Nazmy)\/Katalog<br>Signs.Zeichen. Akademie Franz Hitze Haus, M\u00fcnster<\/p>\n\n\n\n<div style=\"height:30px\" aria-hidden=\"true\" class=\"wp-block-spacer\"><\/div>\n\n\n\n<p><em>2003<\/em><br>Intermediate Lines. <em>Staatliche Akademie der Bildenden K\u00fcnste,<\/em> Stuttgart, Katalog&nbsp;<br>Where is Home? galerie contact, Staedtische Galerie Boeblingen<\/p>\n<\/div>\n\n\n\n<div class=\"wp-block-column is-layout-flow wp-block-column-is-layout-flow\">\n<h2 class=\"wp-block-heading has-text-align-center\">Selected<br><em>Group exhibitions<\/em><\/h2>\n\n\n\n<div style=\"height:100px\" aria-hidden=\"true\" class=\"wp-block-spacer\"><\/div>\n\n\n\n<p><em>2020<\/em>&nbsp;<br>New Art in the Old Palace. <em>Landesmuseum W\u00fcrttemberg, Stuttgart<\/em><\/p>\n\n\n\n<div style=\"height:30px\" aria-hidden=\"true\" class=\"wp-block-spacer\"><\/div>\n\n\n\n<p><em>2018<\/em><br>Black and White. <em>Galerie Marianne Grob,<\/em> Basel, Schweiz &nbsp;&nbsp;<\/p>\n\n\n\n<div style=\"height:30px\" aria-hidden=\"true\" class=\"wp-block-spacer\"><\/div>\n\n\n\n<p><em>2017<\/em><br>Mare Nostrum. Reisephotographie rund ums Mittelmeer. <em>Brigitte March International Contemporary Art,<\/em> Stuttgart, Das unbekannte Meisterwerk, FUKS, Gustav-Siegle-Haus, Stuttgart<\/p>\n\n\n\n<div style=\"height:30px\" aria-hidden=\"true\" class=\"wp-block-spacer\"><\/div>\n\n\n\n<p><em>2016&nbsp;<\/em><br>One Night Stand 3\/3. <em>Club Zollamt, <\/em>26. November 2016, Stuttgart<\/p>\n\n\n\n<div style=\"height:30px\" aria-hidden=\"true\" class=\"wp-block-spacer\"><\/div>\n\n\n\n<p><em>2015&nbsp;<\/em><br>ALLE! 60 Jahre K\u00fcnstlerbund Baden-W\u00fcrttemberg, <em>St\u00e4dtische Galerie Karlsruhe, <\/em>Katalog<\/p>\n\n\n\n<div style=\"height:30px\" aria-hidden=\"true\" class=\"wp-block-spacer\"><\/div>\n\n\n\n<p><em>2013<\/em><br>Flora.Flora. <em>Galerie Manfred Rieker,<\/em> Heilbronn<\/p>\n\n\n\n<div style=\"height:30px\" aria-hidden=\"true\" class=\"wp-block-spacer\"><\/div>\n\n\n\n<p><em>2012<\/em><br>2-\/3-DIMENSIONAL. <em>Galerie Manfred Rieker, <\/em>Heilbronn<br>Vermillon Summer, K\u00fcnstlerhaus Stuttgart<\/p>\n\n\n\n<div style=\"height:30px\" aria-hidden=\"true\" class=\"wp-block-spacer\"><\/div>\n\n\n\n<p><em>2011<\/em><br>Le Caire-Mon Amour. Byourself, Project Space. Cairo, Downtown<br>Campus Stadt, <em>Wuerttembergischer Kunstverein,<\/em> Stuttgart (W)<br>carte blanche. Kunstverein Offenburg Mittelbaden, &nbsp;Katalog<\/p>\n\n\n\n<div style=\"height:30px\" aria-hidden=\"true\" class=\"wp-block-spacer\"><\/div>\n\n\n\n<p><em>2008<\/em><br>Cairo:Sound Constructions. <em>Townhouse Gallery, <\/em>Cairo<\/p>\n\n\n\n<div style=\"height:30px\" aria-hidden=\"true\" class=\"wp-block-spacer\"><\/div>\n\n\n\n<p><em>2005<\/em><br>Outlaw, Exhibition in Process, Art Villa Garikula,Tiblissi, Georgia (W),Sichtung. Jahresausstellung. <em>Wuerttembergischer Kunstverein Stuttgart<\/em> mit K\u00fcnstlergespr\u00e4ch mit den Direktoren<\/p>\n\n\n\n<div style=\"height:30px\" aria-hidden=\"true\" class=\"wp-block-spacer\"><\/div>\n\n\n\n<p><em>2002<\/em><br>Black and White VII. <em>Galerie Marianne Grob,<\/em> Berlin)<\/p>\n<\/div>\n<\/div>\n\n\n\n<div style=\"height:100px\" aria-hidden=\"true\" class=\"wp-block-spacer\"><\/div>\n\n\n\n<div class=\"wp-block-columns is-layout-flex wp-container-core-columns-is-layout-28f84493 wp-block-columns-is-layout-flex\">\n<div class=\"wp-block-column is-layout-flow wp-block-column-is-layout-flow\">\n<h2 class=\"wp-block-heading has-text-align-center\">Bibliografie<\/h2>\n\n\n\n<div style=\"height:100px\" aria-hidden=\"true\" class=\"wp-block-spacer\"><\/div>\n\n\n\n<p><em>2011<\/em><br>Barbara Armbruster, exhibition catalogue, <em>Safar Khan Galerie,<\/em> Cairo<br><em>2014&nbsp;<\/em> Mein Kairo My Cairo, Fotografien von Barbara Armbruster, Hala Elkoussy, <em>Hrsg. J\u00f6rg Armbruster, Sulemann Taufik, edition esefeld &amp; traub, <\/em>Stuttgart<br><em>2019&nbsp;<\/em> Barbara Armbruster, Meins Mine, <em>Hrsg. edition cantz<\/em><\/p>\n\n\n\n<div style=\"height:30px\" aria-hidden=\"true\" class=\"wp-block-spacer\"><\/div>\n\n\n\n<p><em>2006<\/em><br>Barbara Armbruster, photography, drawing, painting, exhibition catalogue, <em>Edition Hospitalhof Stuttgart,<\/em> published by Helmut A. M\u00fcller<\/p>\n\n\n\n<div style=\"height:30px\" aria-hidden=\"true\" class=\"wp-block-spacer\"><\/div>\n\n\n\n<p><em>2002<\/em><br>Barbara Armbruster, drawing, photography, painting, exjibition catalogue, p<em>ublished by  State Academy of Fine Arts,  <\/em>Stuttgart<\/p>\n<\/div>\n\n\n\n<div class=\"wp-block-column is-layout-flow wp-block-column-is-layout-flow\">\n<h2 class=\"wp-block-heading has-text-align-center\">Stipendium\/Scholarship<\/h2>\n\n\n\n<div style=\"height:100px\" aria-hidden=\"true\" class=\"wp-block-spacer\"><\/div>\n\n\n\n<p>2020\/2021&nbsp; <br>NEUSTART KULTUR-Stipendium der Stiftung Kunstfonds, Bonn<\/p>\n\n\n\n<p>2019&nbsp;<br>On the way &#8211; where to? Exhibition participation 42nd Art Award of the Cultural Foundation of the Sparkasse Karlsruhe, Karlsruhe<\/p>\n\n\n\n<p>2003<br>Debutant scholarship, exhibition and catalogue, supported by the Ministry of Science, Research and Art Baden-W\u00fcrttemberg <\/p>\n<\/div>\n<\/div>\n\n\n\n<div style=\"height:100px\" aria-hidden=\"true\" class=\"wp-block-spacer\"><\/div>\n\n\n\n<div class=\"wp-block-columns is-layout-flex wp-container-core-columns-is-layout-28f84493 wp-block-columns-is-layout-flex\">\n<div class=\"wp-block-column is-layout-flow wp-block-column-is-layout-flow\">\n<h2 class=\"wp-block-heading has-text-align-center\">About <br><em>Barbara Armbruster<\/em><\/h2>\n\n\n\n<div style=\"height:100px\" aria-hidden=\"true\" class=\"wp-block-spacer\"><\/div>\n\n\n\n<p><em>Stefanie Stegmann<\/em><\/p>\n\n\n\n<p>Photographic tale of a city: in the published edition <em>MYCAI<\/em>, by esefeld &amp; traub, Barbara Armbruster surveys the megacity of Cairo. Her photographic gaze is a tender one, following the poetry of everyday life. She captures images and moods that convey a great sense of calm, whilst intuitively imparting the sensation of loneliness and abandonment; therefore, entering into a profound relationship with the urban agglomeration of Cairo. Her photographs show structures; surfaces; fabrics; they integrate lighting moods and depict tableaux. They feature people beyond the tourist hotspots; such as, in the still of a man lost in reading, whose likeness is captured whilst he is engrossed in a book, in a public space, at a gate, at an entrance\/exit, seated, whose spirit, whose thoughts, however, are being moved &#8211; somewhere between the entrance and exit of fiction and reality. Likewise, softly window lit, sacredly so, a woman&#8217;s body posture and hand gesture reminds us, foremost, of a person at prayer, whilst she reverently \u2013 quite secularly \u2013 in that precise moment, busies herself in producing the nourishment common before all forms of faith: Bread.<\/p>\n\n\n\n<p class=\"has-small-font-size\">Stefanie Stegmann, Leiterin, Head of, Literaturhaus Stuttgart&nbsp;<br>(Text im Buch Barbara Armbruster Meins I Mine, Hrsg. Edition Cantz, 2019,<br>zu Ausstellungsansichten My Cairo Literaturhaus)<\/p>\n\n\n\n<div style=\"height:100px\" aria-hidden=\"true\" class=\"wp-block-spacer\"><\/div>\n\n\n\n<p><em>Dr. Andreas Gabelmann<\/em><\/p>\n\n\n\n<p>\u201eIm Mittelpunkt von Barbara Armbrusters Werk steht ein kultur\u00fcbergreifender Ansatz. Mit den verschiedenen Medien und Ausdrucksmitteln von Zeichnung, Malerei und Rauminstallation erkundet sie einen interkulturellen Kontext zwischen Ost und West, Orient und Okzident, im Sinne eines Austausches und Dialoges von Kulturkreisen und Gesellschaften, Tradition und Moderne, Geschichte und Gegenwart. Eine ganz wesentliche Grundlage f\u00fcr ihren \u00e4sthetischen, gestalterischen und gedanklichen Prozess bildet dabei der langj\u00e4hrige Aufenthalt in der \u00e4gyptischen Millionenstadt Kairo.\u201c&nbsp;<\/p>\n\n\n\n<p class=\"has-small-font-size\">Dr. Andreas Gabelmann, Kunsthistoriker | art historian (Einf\u00fchrungsrede,&nbsp;<br>St\u00e4dtisches Museum Engen + Galerie, Engen | introductory speech, 2018)&nbsp;<\/p>\n<\/div>\n\n\n\n<div class=\"wp-block-column is-layout-flow wp-block-column-is-layout-flow\">\n<p><\/p>\n<\/div>\n<\/div>\n","protected":false},"excerpt":{"rendered":"<p>SelectedSolo exhibitions 2024Moved, Touched, In-Between. Galerie G &#8211; Dr. Gudrun Selz, Freiburg, Vibrations, Galerieverein Leonberg e.V., Leonberg\u00a0 2019Woundrous Encounters. Galerie Vayhinger, Singen,Hohentwiel 2018&nbsp;Green. Light. Space. St\u00e4dtisches Museum Engen + Galerie, Engen ( Julia Kernbach), Through My Eyes, Galerie G &#8211; Dr. Gudrun Selz, Freibrug&nbsp; 2015Bundling. Arranging., Kunstraum Vincke-Liepmann, Heidelberg, de-re-constructions II, W\u00fcrttembergischer Kunstverein Stuttgart, de-re-constructions [&hellip;]<\/p>\n","protected":false},"author":1,"featured_media":0,"parent":0,"menu_order":6,"comment_status":"closed","ping_status":"closed","template":"","meta":{"footnotes":""},"class_list":["post-1398","page","type-page","status-publish","hentry"],"_links":{"self":[{"href":"https:\/\/barbaraarmbruster.com\/en\/wp-json\/wp\/v2\/pages\/1398","targetHints":{"allow":["GET"]}}],"collection":[{"href":"https:\/\/barbaraarmbruster.com\/en\/wp-json\/wp\/v2\/pages"}],"about":[{"href":"https:\/\/barbaraarmbruster.com\/en\/wp-json\/wp\/v2\/types\/page"}],"author":[{"embeddable":true,"href":"https:\/\/barbaraarmbruster.com\/en\/wp-json\/wp\/v2\/users\/1"}],"replies":[{"embeddable":true,"href":"https:\/\/barbaraarmbruster.com\/en\/wp-json\/wp\/v2\/comments?post=1398"}],"version-history":[{"count":13,"href":"https:\/\/barbaraarmbruster.com\/en\/wp-json\/wp\/v2\/pages\/1398\/revisions"}],"predecessor-version":[{"id":1646,"href":"https:\/\/barbaraarmbruster.com\/en\/wp-json\/wp\/v2\/pages\/1398\/revisions\/1646"}],"wp:attachment":[{"href":"https:\/\/barbaraarmbruster.com\/en\/wp-json\/wp\/v2\/media?parent=1398"}],"curies":[{"name":"wp","href":"https:\/\/api.w.org\/{rel}","templated":true}]}}